{"id":2201,"date":"2020-03-27T09:01:16","date_gmt":"2020-03-27T08:01:16","guid":{"rendered":"https:\/\/tristero.qodeinteractive.com\/?page_id=2201"},"modified":"2024-05-10T14:57:26","modified_gmt":"2024-05-10T12:57:26","slug":"kontakt","status":"publish","type":"page","link":"https:\/\/www.black-chapter-tattoo.de\/index.php\/kontakt\/","title":{"rendered":"Kontakt"},"content":{"rendered":"\t\t<div data-elementor-type=\"wp-page\" data-elementor-id=\"2201\" class=\"elementor elementor-2201\">\n\t\t\t\t\t\t<section class=\"elementor-section elementor-top-section elementor-element elementor-element-e64a14b qodef-elementor-content-grid elementor-section-boxed elementor-section-height-default elementor-section-height-default\" data-id=\"e64a14b\" data-element_type=\"section\" data-e-type=\"section\">\n\t\t\t\t\t\t<div class=\"elementor-container elementor-column-gap-default\">\n\t\t\t\t\t<div class=\"elementor-column elementor-col-50 elementor-top-column elementor-element elementor-element-9e96643\" data-id=\"9e96643\" data-element_type=\"column\" data-e-type=\"column\">\n\t\t\t<div class=\"elementor-widget-wrap elementor-element-populated\">\n\t\t\t\t\t\t<div class=\"elementor-element elementor-element-c4e2d77 elementor-widget elementor-widget-tristero_core_section_title\" data-id=\"c4e2d77\" data-element_type=\"widget\" data-e-type=\"widget\" data-widget_type=\"tristero_core_section_title.default\">\n\t\t\t\t<div class=\"elementor-widget-container\">\n\t\t\t\t\t<div class=\"qodef-shortcode qodef-m  qodef-section-title qodef-alignment--left \">\n\t    <span class=\"qodef-m-caption\" >Wir sind f\u00fcr dich da<\/span>\n\t\t<h2 class=\"qodef-m-title\" >\n\t\t\t\t\tKontakt\t\t\t<\/h2>\n\t<\/div>\t\t\t\t<\/div>\n\t\t\t\t<\/div>\n\t\t\t\t<div class=\"elementor-element elementor-element-0dd86aa elementor-widget elementor-widget-text-editor\" data-id=\"0dd86aa\" data-element_type=\"widget\" data-e-type=\"widget\" data-widget_type=\"text-editor.default\">\n\t\t\t\t<div class=\"elementor-widget-container\">\n\t\t\t\t\t\t\t\t\t<p style=\"text-align: left;\">Nutze doch einfach das folgende Formular oder schreibe uns eine Mail an <a href=\"mailto:post@black-chapter-tattoo.de\">post@black-chapter-tattoo.de<\/a>, um uns deinen Tattoowunsch mitzuteilen und wir melden uns bei dir f\u00fcr weitere Absprachen und einem passenden Termin.<\/p>\t\t\t\t\t\t\t\t<\/div>\n\t\t\t\t<\/div>\n\t\t\t\t<section class=\"elementor-section elementor-inner-section elementor-element elementor-element-cfa99b1 elementor-section-boxed elementor-section-height-default elementor-section-height-default qodef-elementor-content-no\" data-id=\"cfa99b1\" data-element_type=\"section\" data-e-type=\"section\">\n\t\t\t\t\t\t<div class=\"elementor-container elementor-column-gap-default\">\n\t\t\t\t\t<div class=\"elementor-column elementor-col-50 elementor-inner-column elementor-element elementor-element-6cff33d\" data-id=\"6cff33d\" data-element_type=\"column\" data-e-type=\"column\">\n\t\t\t<div class=\"elementor-widget-wrap elementor-element-populated\">\n\t\t\t\t\t\t<div class=\"elementor-element elementor-element-4df230e elementor-widget elementor-widget-tristero_core_custom_font\" data-id=\"4df230e\" data-element_type=\"widget\" data-e-type=\"widget\" data-widget_type=\"tristero_core_custom_font.default\">\n\t\t\t\t<div class=\"elementor-widget-container\">\n\t\t\t\t\t<a href=\"https:\/\/www.google.com\/maps\/place\/Black+Chapter+Tattoo\/@54.136444,10.6149497,17z\/data=!4m14!1m7!3m6!1s0x47b26f6134b84d63:0xdbed015da15bce47!2sBlack+Chapter+Tattoo!8m2!3d54.136444!4d10.6175246!16s%2Fg%2F11vdrlb538!3m5!1s0x47b26f6134b84d63:0xdbed015da15bce47!8m2!3d54.136444!4d10.6175246!16s%2Fg%2F11vdrlb538?entry=ttu\" target=\"_blank\">\n\n<p class=\"qodef-shortcode qodef-m qodef-gray-hover qodef-custom-font qodef-custom-font-4990 qodef-layout--simple\" style=\"color: #000000;font-family: playfair display;font-size: 17px;line-height: 29px;font-weight: 400;font-style: italic\">Stolbergstra\u00dfe 7, 23701 Eutin<\/p>\n\n<\/a>\n\t\t\t\t<\/div>\n\t\t\t\t<\/div>\n\t\t\t\t<div class=\"elementor-element elementor-element-423fdba elementor-widget elementor-widget-tristero_core_custom_font\" data-id=\"423fdba\" data-element_type=\"widget\" data-e-type=\"widget\" data-widget_type=\"tristero_core_custom_font.default\">\n\t\t\t\t<div class=\"elementor-widget-container\">\n\t\t\t\t\t<a href=\"mailto:post@black-chapter-tattoo.de\" target=\"_self\">\n\n<p class=\"qodef-shortcode qodef-m qodef-gray-hover qodef-custom-font qodef-custom-font-124 qodef-layout--simple\" style=\"color: #000000;font-family: playfair display;font-size: 17px;line-height: 29px;font-weight: 400;font-style: italic\">post@black-chapter-tattoo.de<\/p>\n\n<\/a>\n\t\t\t\t<\/div>\n\t\t\t\t<\/div>\n\t\t\t\t\t<\/div>\n\t\t<\/div>\n\t\t\t\t<div class=\"elementor-column elementor-col-50 elementor-inner-column elementor-element elementor-element-2dd902b\" data-id=\"2dd902b\" data-element_type=\"column\" data-e-type=\"column\">\n\t\t\t<div class=\"elementor-widget-wrap\">\n\t\t\t\t\t\t\t<\/div>\n\t\t<\/div>\n\t\t\t\t\t<\/div>\n\t\t<\/section>\n\t\t\t\t\t<\/div>\n\t\t<\/div>\n\t\t\t\t<div class=\"elementor-column elementor-col-50 elementor-top-column elementor-element elementor-element-289f649\" data-id=\"289f649\" data-element_type=\"column\" data-e-type=\"column\">\n\t\t\t<div class=\"elementor-widget-wrap elementor-element-populated\">\n\t\t\t\t\t\t<div class=\"elementor-element elementor-element-526d23e elementor-widget elementor-widget-wp-widget-tristero_core_contact_form_7\" data-id=\"526d23e\" data-element_type=\"widget\" data-e-type=\"widget\" data-widget_type=\"wp-widget-tristero_core_contact_form_7.default\">\n\t\t\t\t<div class=\"elementor-widget-container\">\n\t\t\t\t\t\t\t\t<div class=\"qodef-contact-form-7\">\n\t\t\t\t\n<div class=\"wpcf7 no-js\" id=\"wpcf7-f648-o1\" lang=\"en-US\" dir=\"ltr\" data-wpcf7-id=\"648\">\n<div class=\"screen-reader-response\"><p role=\"status\" aria-live=\"polite\" aria-atomic=\"true\"><\/p> <ul><\/ul><\/div>\n<form action=\"\/index.php\/wp-json\/wp\/v2\/pages\/2201#wpcf7-f648-o1\" method=\"post\" class=\"wpcf7-form init\" aria-label=\"Contact form\" novalidate=\"novalidate\" data-status=\"init\">\n<fieldset class=\"hidden-fields-container\"><input type=\"hidden\" name=\"_wpcf7\" value=\"648\" \/><input type=\"hidden\" name=\"_wpcf7_version\" value=\"6.1.5\" \/><input type=\"hidden\" name=\"_wpcf7_locale\" value=\"en_US\" \/><input type=\"hidden\" name=\"_wpcf7_unit_tag\" value=\"wpcf7-f648-o1\" \/><input type=\"hidden\" name=\"_wpcf7_container_post\" value=\"0\" \/><input type=\"hidden\" name=\"_wpcf7_posted_data_hash\" value=\"\" \/><input type=\"hidden\" name=\"_wpcf7_recaptcha_response\" value=\"\" \/>\n<\/fieldset>\n<div class=\"qodef-contactform-two\">\n\n<div class=\"qodef-cf-input\">\n     <span class=\"wpcf7-form-control-wrap\" data-name=\"your-tattoo\"><input size=\"40\" maxlength=\"400\" class=\"wpcf7-form-control wpcf7-text\" aria-invalid=\"false\" placeholder=\"Tattoowunsch\" value=\"\" type=\"text\" name=\"your-tattoo\" \/><\/span>\n<\/div>\n\n<div class=\"qodef-cf-input\">\n     <span class=\"wpcf7-form-control-wrap\" data-name=\"your-part\"><input size=\"40\" maxlength=\"400\" class=\"wpcf7-form-control wpcf7-text\" aria-invalid=\"false\" placeholder=\"K\u00f6rperstelle\" value=\"\" type=\"text\" name=\"your-part\" \/><\/span>\n<\/div>\n\n<div class=\"qodef-cf-input\">\n     <span class=\"wpcf7-form-control-wrap\" data-name=\"your-size\"><input size=\"40\" maxlength=\"400\" class=\"wpcf7-form-control wpcf7-text\" aria-invalid=\"false\" placeholder=\"Ungef\u00e4hre Gr\u00f6\u00dfe\" value=\"\" type=\"text\" name=\"your-size\" \/><\/span>\n<\/div>\n\n<div class=\"qodef-cf-input\">\n     Dein Wunschartist<p>\n     <span class=\"wpcf7-form-control-wrap\" data-name=\"artist\"><span class=\"wpcf7-form-control wpcf7-checkbox\"><span class=\"wpcf7-list-item first\"><label><input type=\"checkbox\" name=\"artist[]\" value=\"Julez\" \/><span class=\"wpcf7-list-item-label\">Julez<\/span><\/label><\/span><span class=\"wpcf7-list-item last\"><label><input type=\"checkbox\" name=\"artist[]\" value=\"Josie\" \/><span class=\"wpcf7-list-item-label\">Josie<\/span><\/label><\/span><\/span><\/span>\n<\/div>\n\n<div class=\"qodef-cf-textarea\">\n    <span class=\"wpcf7-form-control-wrap\" data-name=\"your-message\"><textarea cols=\"30\" rows=\"5\" maxlength=\"2000\" class=\"wpcf7-form-control wpcf7-textarea wpcf7-validates-as-required\" aria-required=\"true\" aria-invalid=\"false\" placeholder=\"Weitere Infos zu deinem Tattoowunsch in K\u00fcrze\" name=\"your-message\"><\/textarea><\/span>\n<\/div>\n\n<div style = \"border: 1px solid #dfdfdf;\">\n<\/div>\n\n<p>\n\n<div class=\"qodef-cf-input\">\n     <span class=\"wpcf7-form-control-wrap\" data-name=\"your-name\"><input size=\"40\" maxlength=\"400\" class=\"wpcf7-form-control wpcf7-text wpcf7-validates-as-required\" aria-required=\"true\" aria-invalid=\"false\" placeholder=\"Dein Name *\" value=\"\" type=\"text\" name=\"your-name\" \/><\/span>\n<\/div>\n\n<div class=\"qodef-cf-input\">\n    <span class=\"wpcf7-form-control-wrap\" data-name=\"your-telefone\"><input size=\"40\" maxlength=\"400\" class=\"wpcf7-form-control wpcf7-tel wpcf7-validates-as-required wpcf7-text wpcf7-validates-as-tel\" aria-required=\"true\" aria-invalid=\"false\" placeholder=\"Telefonnummer *\" value=\"\" type=\"tel\" name=\"your-telefone\" \/><\/span>\n<\/div>\n\n<div class=\"qodef-cf-input\">\n    <span class=\"wpcf7-form-control-wrap\" data-name=\"your-email\"><input size=\"40\" maxlength=\"400\" class=\"wpcf7-form-control wpcf7-email wpcf7-validates-as-required wpcf7-text wpcf7-validates-as-email\" aria-required=\"true\" aria-invalid=\"false\" placeholder=\"Mailadresse *\" value=\"\" type=\"email\" name=\"your-email\" \/><\/span>\n<\/div>\n\n<div class=\"qodef-cf-submit\">\n    <button class=\"wpcf7-form-control wpcf7-submit qodef-button qodef-size--normal qodef-type--filled qodef-m\" type=\"submit\"><span class=\"qodef-m-text\">Abschicken<\/span><\/button>\n<\/div>\n<\/div><p style=\"display: none !important;\" class=\"akismet-fields-container\" data-prefix=\"_wpcf7_ak_\"><label>&#916;<textarea name=\"_wpcf7_ak_hp_textarea\" cols=\"45\" rows=\"8\" maxlength=\"100\"><\/textarea><\/label><input type=\"hidden\" id=\"ak_js_1\" name=\"_wpcf7_ak_js\" value=\"89\"\/><script>document.getElementById( \"ak_js_1\" ).setAttribute( \"value\", ( new Date() ).getTime() );<\/script><\/p><div class=\"wpcf7-response-output\" aria-hidden=\"true\"><\/div>\n<\/form>\n<\/div>\n\t\t\t<\/div>\n\t\t\t\t\t\t\t<\/div>\n\t\t\t\t<\/div>\n\t\t\t\t\t<\/div>\n\t\t<\/div>\n\t\t\t\t\t<\/div>\n\t\t<\/section>\n\t\t\t\t<section class=\"elementor-section elementor-top-section elementor-element elementor-element-66b56cce elementor-section-full_width elementor-section-height-default elementor-section-height-default qodef-elementor-content-no\" data-id=\"66b56cce\" data-element_type=\"section\" data-e-type=\"section\">\n\t\t\t\t\t\t<div class=\"elementor-container elementor-column-gap-default\">\n\t\t\t\t\t<div class=\"elementor-column elementor-col-100 elementor-top-column elementor-element elementor-element-a959288\" data-id=\"a959288\" data-element_type=\"column\" data-e-type=\"column\">\n\t\t\t<div class=\"elementor-widget-wrap elementor-element-populated\">\n\t\t\t\t\t\t<div class=\"elementor-element elementor-element-cfc1fa2 elementor-widget elementor-widget-tristero_core_google_map\" data-id=\"cfc1fa2\" data-element_type=\"widget\" data-e-type=\"widget\" data-widget_type=\"tristero_core_google_map.default\">\n\t\t\t\t<div class=\"elementor-widget-container\">\n\t\t\t\t\t<div class=\"qodef-shortcode qodef-m  qodef-google-map\">\n\t<div class=\"qodef-m-map\" id=\"qodef-map-id--920\" data-addresses='[\"Stolbergstra\u00dfe 7, 23701 Eutin\"]' data-pin=https:\/\/www.black-chapter-tattoo.de\/wp-content\/uploads\/2020\/06\/map-pin-img.png data-unique-id=920 data-height=400><\/div>\n<\/div>\t\t\t\t<\/div>\n\t\t\t\t<\/div>\n\t\t\t\t\t<\/div>\n\t\t<\/div>\n\t\t\t\t\t<\/div>\n\t\t<\/section>\n\t\t\t\t<\/div>\n\t\t","protected":false},"excerpt":{"rendered":"<p>Wir sind f\u00fcr dich da Kontakt Nutze doch einfach das folgende Formular oder schreibe uns eine Mail an post@black-chapter-tattoo.de, um uns deinen Tattoowunsch mitzuteilen und wir melden uns bei dir f\u00fcr weitere Absprachen und einem passenden Termin. Stolbergstra\u00dfe 7, 23701 Eutin post@black-chapter-tattoo.de<\/p>\n","protected":false},"author":1,"featured_media":0,"parent":0,"menu_order":3,"comment_status":"closed","ping_status":"closed","template":"page-full-width.php","meta":{"footnotes":""},"class_list":["post-2201","page","type-page","status-publish","hentry"],"_links":{"self":[{"href":"https:\/\/www.black-chapter-tattoo.de\/index.php\/wp-json\/wp\/v2\/pages\/2201","targetHints":{"allow":["GET"]}}],"collection":[{"href":"https:\/\/www.black-chapter-tattoo.de\/index.php\/wp-json\/wp\/v2\/pages"}],"about":[{"href":"https:\/\/www.black-chapter-tattoo.de\/index.php\/wp-json\/wp\/v2\/types\/page"}],"author":[{"embeddable":true,"href":"https:\/\/www.black-chapter-tattoo.de\/index.php\/wp-json\/wp\/v2\/users\/1"}],"replies":[{"embeddable":true,"href":"https:\/\/www.black-chapter-tattoo.de\/index.php\/wp-json\/wp\/v2\/comments?post=2201"}],"version-history":[{"count":40,"href":"https:\/\/www.black-chapter-tattoo.de\/index.php\/wp-json\/wp\/v2\/pages\/2201\/revisions"}],"predecessor-version":[{"id":4659,"href":"https:\/\/www.black-chapter-tattoo.de\/index.php\/wp-json\/wp\/v2\/pages\/2201\/revisions\/4659"}],"wp:attachment":[{"href":"https:\/\/www.black-chapter-tattoo.de\/index.php\/wp-json\/wp\/v2\/media?parent=2201"}],"curies":[{"name":"wp","href":"https:\/\/api.w.org\/{rel}","templated":true}]}}